{"id":494,"date":"2025-04-15T08:44:21","date_gmt":"2025-04-15T06:44:21","guid":{"rendered":"https:\/\/matsmedical.abako.be\/service-technique\/"},"modified":"2026-01-21T13:38:20","modified_gmt":"2026-01-21T12:38:20","slug":"service-technique","status":"publish","type":"page","link":"https:\/\/www.matsmedical.com\/fr\/service-technique\/","title":{"rendered":"Service Technique"},"content":{"rendered":"\t\t<div data-elementor-type=\"wp-page\" data-elementor-id=\"494\" class=\"elementor elementor-494 elementor-164\" data-elementor-post-type=\"page\">\n\t\t\t\t<div class=\"elementor-element elementor-element-7293dcc e-flex e-con-boxed e-con e-parent\" data-id=\"7293dcc\" data-element_type=\"container\">\n\t\t\t\t\t<div class=\"e-con-inner\">\n\t\t<div class=\"elementor-element elementor-element-98878a6 e-con-full e-flex e-con e-child\" data-id=\"98878a6\" data-element_type=\"container\" data-settings=\"{&quot;background_background&quot;:&quot;classic&quot;}\">\n\t\t<div class=\"elementor-element elementor-element-7f83552 e-con-full e-flex e-con e-child\" data-id=\"7f83552\" data-element_type=\"container\" data-settings=\"{&quot;background_background&quot;:&quot;classic&quot;}\">\n\t\t\t\t<div class=\"elementor-element elementor-element-9ac9e2f elementor-widget elementor-widget-heading\" data-id=\"9ac9e2f\" data-element_type=\"widget\" data-widget_type=\"heading.default\">\n\t\t\t\t<div class=\"elementor-widget-container\">\n\t\t\t\t\t<h2 class=\"elementor-heading-title elementor-size-default\">Mats Srl<\/h2>\t\t\t\t<\/div>\n\t\t\t\t<\/div>\n\t\t\t\t<div class=\"elementor-element elementor-element-4880155 elementor-widget elementor-widget-heading\" data-id=\"4880155\" data-element_type=\"widget\" data-widget_type=\"heading.default\">\n\t\t\t\t<div class=\"elementor-widget-container\">\n\t\t\t\t\t<h1 class=\"elementor-heading-title elementor-size-default\">Service Technique<\/h1>\t\t\t\t<\/div>\n\t\t\t\t<\/div>\n\t\t\t\t<div class=\"elementor-element elementor-element-06f767a elementor-widget-divider--view-line elementor-widget elementor-widget-divider\" data-id=\"06f767a\" data-element_type=\"widget\" data-widget_type=\"divider.default\">\n\t\t\t\t<div class=\"elementor-widget-container\">\n\t\t\t\t\t\t\t<div class=\"elementor-divider\">\n\t\t\t<span class=\"elementor-divider-separator\">\n\t\t\t\t\t\t<\/span>\n\t\t<\/div>\n\t\t\t\t\t\t<\/div>\n\t\t\t\t<\/div>\n\t\t\t\t<div class=\"elementor-element elementor-element-54c4a23 elementor-widget elementor-widget-text-editor\" data-id=\"54c4a23\" data-element_type=\"widget\" data-widget_type=\"text-editor.default\">\n\t\t\t\t<div class=\"elementor-widget-container\">\n\t\t\t\t\t\t\t\t\t<p>Al meer dan 30 jaar biedt MATS technische dienstverlening op het Europese grondgebied aan voor diverse medische bedrijven en farmaceutische groepen. Onze geografische ligging garandeert een optimale reactietijd op locatie bij de klant.<\/p>\t\t\t\t\t\t\t\t<\/div>\n\t\t\t\t<\/div>\n\t\t\t\t<\/div>\n\t\t<div class=\"elementor-element elementor-element-43a6122 e-con-full e-flex e-con e-child\" data-id=\"43a6122\" data-element_type=\"container\">\n\t\t\t\t<div class=\"elementor-element elementor-element-b6929d4 elementor-widget elementor-widget-text-editor\" data-id=\"b6929d4\" data-element_type=\"widget\" data-widget_type=\"text-editor.default\">\n\t\t\t\t<div class=\"elementor-widget-container\">\n\t\t\t\t\t\t\t\t\t<p>Ceci, en direct ou au profit de soci\u00e9t\u00e9s ne disposant pas de service technique ou de soci\u00e9t\u00e9s souhaitant un compl\u00e9ment \u00e0 leurs propres services techniques.<\/p><p>Nos proc\u00e9dures de qualification et calibration sont pr\u00e9par\u00e9es suivant les requis de notre certification. Les instruments de mesure utilis\u00e9s sont \u00e9galement certifi\u00e9s ISO\/IEC 17025. Les instruments de mesure utilis\u00e9s sont \u00e9galement certifi\u00e9s ISO\/IEC 17025.Ook de gebruikte meetinstrumenten zijn <strong>ISO\/IEC 17025-gecertificeerd.<\/strong><\/p><p>Notre exp\u00e9rience en mati\u00e8re d\u2019instrumentation fait de notre soci\u00e9t\u00e9 l\u2019une des r\u00e9f\u00e9rences en service technique \u2013 maintenances et r\u00e9parations avec certifications et contr\u00f4le de qualit\u00e9 des instruments . Nous disposons d\u2019un stock en pi\u00e8ces de rechange suivant les types d\u2019instruments.<\/p><p>Nos ateliers sont \u00e9quip\u00e9s afin de pouvoir r\u00e9pondre \u00e0 la <strong>maintenance <\/strong>et la <strong>r\u00e9paration<\/strong> de \u00abpetits\u00bb instruments .<\/p><p>Nous sommes \u00e0 l\u2019\u00e9coute de nos clients en cas de besoins compl\u00e9mentaires.<\/p>\t\t\t\t\t\t\t\t<\/div>\n\t\t\t\t<\/div>\n\t\t\t\t<div class=\"elementor-element elementor-element-0bc8cbf elementor-widget elementor-widget-button\" data-id=\"0bc8cbf\" data-element_type=\"widget\" data-widget_type=\"button.default\">\n\t\t\t\t<div class=\"elementor-widget-container\">\n\t\t\t\t\t\t\t\t\t<div class=\"elementor-button-wrapper\">\n\t\t\t\t\t<a class=\"elementor-button elementor-button-link elementor-size-sm\" href=\"https:\/\/www.matsmedical.com\/fr\/contact\/\">\n\t\t\t\t\t\t<span class=\"elementor-button-content-wrapper\">\n\t\t\t\t\t\t\t\t\t<span class=\"elementor-button-text\">Je souhaite contacter Mats Srl.<\/span>\n\t\t\t\t\t<\/span>\n\t\t\t\t\t<\/a>\n\t\t\t\t<\/div>\n\t\t\t\t\t\t\t\t<\/div>\n\t\t\t\t<\/div>\n\t\t\t\t<\/div>\n\t\t\t\t<\/div>\n\t\t\t\t\t<\/div>\n\t\t\t\t<\/div>\n\t\t<div class=\"elementor-element elementor-element-b1904b8 e-flex e-con-boxed e-con e-child\" data-id=\"b1904b8\" data-element_type=\"container\" data-settings=\"{&quot;background_background&quot;:&quot;classic&quot;}\">\n\t\t\t\t\t<div class=\"e-con-inner\">\n\t\t<div class=\"elementor-element elementor-element-b4327b2 e-con-full e-flex e-con e-child\" data-id=\"b4327b2\" data-element_type=\"container\">\n\t\t\t\t<div class=\"elementor-element elementor-element-df4711b elementor-widget elementor-widget-image\" data-id=\"df4711b\" data-element_type=\"widget\" data-widget_type=\"image.default\">\n\t\t\t\t<div class=\"elementor-widget-container\">\n\t\t\t\t\t\t\t\t\t\t\t\t\t\t\t<img decoding=\"async\" width=\"1\" height=\"1\" src=\"https:\/\/www.matsmedical.com\/wp-content\/uploads\/2025\/04\/Shape_Left.svg\" class=\"attachment-large size-large wp-image-352\" alt=\"\" \/>\t\t\t\t\t\t\t\t\t\t\t\t\t\t\t<\/div>\n\t\t\t\t<\/div>\n\t\t\t\t<\/div>\n\t\t<div class=\"elementor-element elementor-element-2f6c1a8 e-con-full e-flex e-con e-child\" data-id=\"2f6c1a8\" data-element_type=\"container\">\n\t\t\t\t<div class=\"elementor-element elementor-element-866e5ee elementor-widget elementor-widget-image\" data-id=\"866e5ee\" data-element_type=\"widget\" data-widget_type=\"image.default\">\n\t\t\t\t<div class=\"elementor-widget-container\">\n\t\t\t\t\t\t\t\t\t\t\t\t\t\t\t<img decoding=\"async\" width=\"1\" height=\"1\" src=\"https:\/\/www.matsmedical.com\/wp-content\/uploads\/2025\/04\/Shape_Right.svg\" class=\"attachment-large size-large wp-image-348\" alt=\"\" \/>\t\t\t\t\t\t\t\t\t\t\t\t\t\t\t<\/div>\n\t\t\t\t<\/div>\n\t\t\t\t<\/div>\n\t\t\t\t\t<\/div>\n\t\t\t\t<\/div>\n\t\t<div class=\"elementor-element elementor-element-c76a0d9 e-flex e-con-boxed e-con e-parent\" data-id=\"c76a0d9\" data-element_type=\"container\">\n\t\t\t\t\t<div class=\"e-con-inner\">\n\t\t<div class=\"elementor-element elementor-element-8fb2078 e-con-full e-flex e-con e-child\" data-id=\"8fb2078\" data-element_type=\"container\">\n\t\t<div class=\"elementor-element elementor-element-6b1a404 e-con-full e-flex e-con e-child\" data-id=\"6b1a404\" data-element_type=\"container\">\n\t\t\t\t<div class=\"elementor-element elementor-element-dee45e7 elementor-icon-list--layout-traditional elementor-list-item-link-full_width elementor-widget elementor-widget-icon-list\" data-id=\"dee45e7\" data-element_type=\"widget\" data-widget_type=\"icon-list.default\">\n\t\t\t\t<div class=\"elementor-widget-container\">\n\t\t\t\t\t\t\t<ul class=\"elementor-icon-list-items\">\n\t\t\t\t\t\t\t<li class=\"elementor-icon-list-item\">\n\t\t\t\t\t\t\t\t\t\t\t<span class=\"elementor-icon-list-icon\">\n\t\t\t\t\t\t\t<svg xmlns=\"http:\/\/www.w3.org\/2000\/svg\" width=\"27.038\" height=\"26.668\" viewBox=\"0 0 27.038 26.668\"><g id=\"Group_26\" data-name=\"Group 26\" transform=\"translate(-139.898 -1116.782)\"><g id=\"Ellipse_1\" data-name=\"Ellipse 1\" transform=\"translate(139.898 1131.616)\" fill=\"none\" stroke=\"#2490d2\" stroke-width=\"2\"><ellipse cx=\"6.019\" cy=\"5.917\" rx=\"6.019\" ry=\"5.917\" stroke=\"none\"><\/ellipse><ellipse cx=\"6.019\" cy=\"5.917\" rx=\"5.019\" ry=\"4.917\" fill=\"none\"><\/ellipse><\/g><g id=\"Ellipse_7\" data-name=\"Ellipse 7\" transform=\"translate(139.898 1116.782)\" fill=\"none\" stroke=\"#2490d2\" stroke-width=\"2\"><ellipse cx=\"6.019\" cy=\"5.917\" rx=\"6.019\" ry=\"5.917\" stroke=\"none\"><\/ellipse><ellipse cx=\"6.019\" cy=\"5.917\" rx=\"5.019\" ry=\"4.917\" fill=\"none\"><\/ellipse><\/g><g id=\"Ellipse_5\" data-name=\"Ellipse 5\" transform=\"translate(154.898 1131.616)\" fill=\"none\" stroke=\"#2490d2\" stroke-width=\"2\"><ellipse cx=\"6.019\" cy=\"5.917\" rx=\"6.019\" ry=\"5.917\" stroke=\"none\"><\/ellipse><ellipse cx=\"6.019\" cy=\"5.917\" rx=\"5.019\" ry=\"4.917\" fill=\"none\"><\/ellipse><\/g><g id=\"Ellipse_6\" data-name=\"Ellipse 6\" transform=\"translate(154.898 1116.782)\" fill=\"none\" stroke=\"#2490d2\" stroke-width=\"2\"><ellipse cx=\"6.019\" cy=\"5.917\" rx=\"6.019\" ry=\"5.917\" stroke=\"none\"><\/ellipse><ellipse cx=\"6.019\" cy=\"5.917\" rx=\"5.019\" ry=\"4.917\" fill=\"none\"><\/ellipse><\/g><\/g><\/svg>\t\t\t\t\t\t<\/span>\n\t\t\t\t\t\t\t\t\t\t<span class=\"elementor-icon-list-text\">PRODUITS<\/span>\n\t\t\t\t\t\t\t\t\t<\/li>\n\t\t\t\t\t\t<\/ul>\n\t\t\t\t\t\t<\/div>\n\t\t\t\t<\/div>\n\t\t\t\t<div class=\"elementor-element elementor-element-34f2768 elementor-widget elementor-widget-button\" data-id=\"34f2768\" data-element_type=\"widget\" data-widget_type=\"button.default\">\n\t\t\t\t<div class=\"elementor-widget-container\">\n\t\t\t\t\t\t\t\t\t<div class=\"elementor-button-wrapper\">\n\t\t\t\t\t<a class=\"elementor-button elementor-button-link elementor-size-sm\" href=\"https:\/\/www.matsmedical.com\/fr\/produit\/\">\n\t\t\t\t\t\t<span class=\"elementor-button-content-wrapper\">\n\t\t\t\t\t\t\t\t\t<span class=\"elementor-button-text\">Voir nos produits<\/span>\n\t\t\t\t\t<\/span>\n\t\t\t\t\t<\/a>\n\t\t\t\t<\/div>\n\t\t\t\t\t\t\t\t<\/div>\n\t\t\t\t<\/div>\n\t\t\t\t<\/div>\n\t\t<div class=\"elementor-element elementor-element-81bf903 e-con-full e-flex e-con e-child\" data-id=\"81bf903\" data-element_type=\"container\">\n\t\t\t\t<div class=\"elementor-element elementor-element-1c823b5 elementor-icon-list--layout-traditional elementor-list-item-link-full_width elementor-widget elementor-widget-icon-list\" data-id=\"1c823b5\" data-element_type=\"widget\" data-widget_type=\"icon-list.default\">\n\t\t\t\t<div class=\"elementor-widget-container\">\n\t\t\t\t\t\t\t<ul class=\"elementor-icon-list-items\">\n\t\t\t\t\t\t\t<li class=\"elementor-icon-list-item\">\n\t\t\t\t\t\t\t\t\t\t\t<span class=\"elementor-icon-list-icon\">\n\t\t\t\t\t\t\t<svg xmlns=\"http:\/\/www.w3.org\/2000\/svg\" width=\"26.834\" height=\"26.872\" viewBox=\"0 0 26.834 26.872\"><g id=\"Group_31\" data-name=\"Group 31\" transform=\"translate(-140 -1116.68)\"><g id=\"Polygon_1\" data-name=\"Polygon 1\" transform=\"translate(140 1143.552) rotate(-90)\" fill=\"none\"><path d=\"M6.019,0l6.019,11.834H0Z\" stroke=\"none\"><\/path><path d=\"M 6.019050598144531 4.411542415618896 L 3.261109352111816 9.833824157714844 L 8.776991844177246 9.833824157714844 L 6.019050598144531 4.411542415618896 M 6.019050598144531 3.814697265625e-06 L 12.03810024261475 11.83382415771484 L 9.5367431640625e-07 11.83382415771484 L 6.019050598144531 3.814697265625e-06 Z\" stroke=\"none\" fill=\"#2490d2\"><\/path><\/g><g id=\"Polygon_2\" data-name=\"Polygon 2\" transform=\"translate(140 1128.718) rotate(-90)\" fill=\"none\"><path d=\"M6.019,0l6.019,11.834H0Z\" stroke=\"none\"><\/path><path d=\"M 6.019050598144531 4.411542415618896 L 3.261109352111816 9.833824157714844 L 8.776991844177246 9.833824157714844 L 6.019050598144531 4.411542415618896 M 6.019050598144531 3.814697265625e-06 L 12.03810024261475 11.83382415771484 L 9.5367431640625e-07 11.83382415771484 L 6.019050598144531 3.814697265625e-06 Z\" stroke=\"none\" fill=\"#2490d2\"><\/path><\/g><g id=\"Polygon_3\" data-name=\"Polygon 3\" transform=\"translate(155 1143.552) rotate(-90)\" fill=\"none\"><path d=\"M6.019,0l6.019,11.834H0Z\" stroke=\"none\"><\/path><path d=\"M 6.019050598144531 4.411542415618896 L 3.261109352111816 9.833824157714844 L 8.776991844177246 9.833824157714844 L 6.019050598144531 4.411542415618896 M 6.019050598144531 3.814697265625e-06 L 12.03810024261475 11.83382415771484 L 9.5367431640625e-07 11.83382415771484 L 6.019050598144531 3.814697265625e-06 Z\" stroke=\"none\" fill=\"#2490d2\"><\/path><\/g><g id=\"Polygon_4\" data-name=\"Polygon 4\" transform=\"translate(155 1128.718) rotate(-90)\" fill=\"none\"><path d=\"M6.019,0l6.019,11.834H0Z\" stroke=\"none\"><\/path><path d=\"M 6.019050598144531 4.411542415618896 L 3.261109352111816 9.833824157714844 L 8.776991844177246 9.833824157714844 L 6.019050598144531 4.411542415618896 M 6.019050598144531 3.814697265625e-06 L 12.03810024261475 11.83382415771484 L 9.5367431640625e-07 11.83382415771484 L 6.019050598144531 3.814697265625e-06 Z\" stroke=\"none\" fill=\"#2490d2\"><\/path><\/g><\/g><\/svg>\t\t\t\t\t\t<\/span>\n\t\t\t\t\t\t\t\t\t\t<span class=\"elementor-icon-list-text\">CONTACT<\/span>\n\t\t\t\t\t\t\t\t\t<\/li>\n\t\t\t\t\t\t<\/ul>\n\t\t\t\t\t\t<\/div>\n\t\t\t\t<\/div>\n\t\t\t\t<div class=\"elementor-element elementor-element-9297d71 elementor-widget elementor-widget-button\" data-id=\"9297d71\" data-element_type=\"widget\" data-widget_type=\"button.default\">\n\t\t\t\t<div class=\"elementor-widget-container\">\n\t\t\t\t\t\t\t\t\t<div class=\"elementor-button-wrapper\">\n\t\t\t\t\t<a class=\"elementor-button elementor-button-link elementor-size-sm\" href=\"https:\/\/www.matsmedical.com\/fr\/contact\/\">\n\t\t\t\t\t\t<span class=\"elementor-button-content-wrapper\">\n\t\t\t\t\t\t\t\t\t<span class=\"elementor-button-text\">Contactez Mats Srl<\/span>\n\t\t\t\t\t<\/span>\n\t\t\t\t\t<\/a>\n\t\t\t\t<\/div>\n\t\t\t\t\t\t\t\t<\/div>\n\t\t\t\t<\/div>\n\t\t\t\t<\/div>\n\t\t\t\t<\/div>\n\t\t\t\t\t<\/div>\n\t\t\t\t<\/div>\n\t\t\t\t<\/div>\n\t\t","protected":false},"excerpt":{"rendered":"<p>Mats Srl Service Technique Al meer dan 30 jaar biedt MATS technische dienstverlening op het Europese grondgebied aan voor diverse medische bedrijven en farmaceutische groepen. Onze geografische ligging garandeert een optimale reactietijd op locatie bij de klant. Ceci, en direct ou au profit de soci\u00e9t\u00e9s ne disposant pas de service technique ou de soci\u00e9t\u00e9s souhaitant [&hellip;]<\/p>\n","protected":false},"author":3,"featured_media":0,"parent":0,"menu_order":0,"comment_status":"closed","ping_status":"closed","template":"","meta":{"footnotes":""},"class_list":["post-494","page","type-page","status-publish","hentry"],"yoast_head":"<!-- This site is optimized with the Yoast SEO plugin v26.8 - https:\/\/yoast.com\/product\/yoast-seo-wordpress\/ -->\n<title>Service Technique - Mats Medical<\/title>\n<meta name=\"robots\" content=\"index, follow, max-snippet:-1, max-image-preview:large, max-video-preview:-1\" \/>\n<link rel=\"canonical\" href=\"https:\/\/www.matsmedical.com\/fr\/service-technique\/\" \/>\n<meta property=\"og:locale\" content=\"fr_FR\" \/>\n<meta property=\"og:type\" content=\"article\" \/>\n<meta property=\"og:title\" content=\"Service Technique - Mats Medical\" \/>\n<meta property=\"og:description\" content=\"Mats Srl Service Technique Al meer dan 30 jaar biedt MATS technische dienstverlening op het Europese grondgebied aan voor diverse medische bedrijven en farmaceutische groepen. Onze geografische ligging garandeert een optimale reactietijd op locatie bij de klant. Ceci, en direct ou au profit de soci\u00e9t\u00e9s ne disposant pas de service technique ou de soci\u00e9t\u00e9s souhaitant [&hellip;]\" \/>\n<meta property=\"og:url\" content=\"https:\/\/www.matsmedical.com\/fr\/service-technique\/\" \/>\n<meta property=\"og:site_name\" content=\"Mats Medical\" \/>\n<meta property=\"article:modified_time\" content=\"2026-01-21T12:38:20+00:00\" \/>\n<meta property=\"og:image\" content=\"https:\/\/matsmedical.abako.be\/wp-content\/uploads\/2025\/04\/Shape_Left.svg\" \/>\n<meta name=\"twitter:card\" content=\"summary_large_image\" \/>\n<meta name=\"twitter:label1\" content=\"Dur\u00e9e de lecture estim\u00e9e\" \/>\n\t<meta name=\"twitter:data1\" content=\"1 minute\" \/>\n<script type=\"application\/ld+json\" class=\"yoast-schema-graph\">{\"@context\":\"https:\/\/schema.org\",\"@graph\":[{\"@type\":\"WebPage\",\"@id\":\"https:\/\/www.matsmedical.com\/fr\/service-technique\/\",\"url\":\"https:\/\/www.matsmedical.com\/fr\/service-technique\/\",\"name\":\"Service Technique - Mats Medical\",\"isPartOf\":{\"@id\":\"https:\/\/www.matsmedical.com\/fr\/#website\"},\"primaryImageOfPage\":{\"@id\":\"https:\/\/www.matsmedical.com\/fr\/service-technique\/#primaryimage\"},\"image\":{\"@id\":\"https:\/\/www.matsmedical.com\/fr\/service-technique\/#primaryimage\"},\"thumbnailUrl\":\"https:\/\/matsmedical.abako.be\/wp-content\/uploads\/2025\/04\/Shape_Left.svg\",\"datePublished\":\"2025-04-15T06:44:21+00:00\",\"dateModified\":\"2026-01-21T12:38:20+00:00\",\"breadcrumb\":{\"@id\":\"https:\/\/www.matsmedical.com\/fr\/service-technique\/#breadcrumb\"},\"inLanguage\":\"fr-FR\",\"potentialAction\":[{\"@type\":\"ReadAction\",\"target\":[\"https:\/\/www.matsmedical.com\/fr\/service-technique\/\"]}]},{\"@type\":\"ImageObject\",\"inLanguage\":\"fr-FR\",\"@id\":\"https:\/\/www.matsmedical.com\/fr\/service-technique\/#primaryimage\",\"url\":\"https:\/\/matsmedical.abako.be\/wp-content\/uploads\/2025\/04\/Shape_Left.svg\",\"contentUrl\":\"https:\/\/matsmedical.abako.be\/wp-content\/uploads\/2025\/04\/Shape_Left.svg\"},{\"@type\":\"BreadcrumbList\",\"@id\":\"https:\/\/www.matsmedical.com\/fr\/service-technique\/#breadcrumb\",\"itemListElement\":[{\"@type\":\"ListItem\",\"position\":1,\"name\":\"Home\",\"item\":\"https:\/\/www.matsmedical.com\/fr\/\"},{\"@type\":\"ListItem\",\"position\":2,\"name\":\"Service Technique\"}]},{\"@type\":\"WebSite\",\"@id\":\"https:\/\/www.matsmedical.com\/fr\/#website\",\"url\":\"https:\/\/www.matsmedical.com\/fr\/\",\"name\":\"Mats Medical\",\"description\":\"\",\"publisher\":{\"@id\":\"https:\/\/www.matsmedical.com\/fr\/#organization\"},\"potentialAction\":[{\"@type\":\"SearchAction\",\"target\":{\"@type\":\"EntryPoint\",\"urlTemplate\":\"https:\/\/www.matsmedical.com\/fr\/?s={search_term_string}\"},\"query-input\":{\"@type\":\"PropertyValueSpecification\",\"valueRequired\":true,\"valueName\":\"search_term_string\"}}],\"inLanguage\":\"fr-FR\"},{\"@type\":\"Organization\",\"@id\":\"https:\/\/www.matsmedical.com\/fr\/#organization\",\"name\":\"Mats Medical\",\"url\":\"https:\/\/www.matsmedical.com\/fr\/\",\"logo\":{\"@type\":\"ImageObject\",\"inLanguage\":\"fr-FR\",\"@id\":\"https:\/\/www.matsmedical.com\/fr\/#\/schema\/logo\/image\/\",\"url\":\"https:\/\/www.matsmedical.com\/wp-content\/uploads\/2025\/04\/logo-mats-medical.svg\",\"contentUrl\":\"https:\/\/www.matsmedical.com\/wp-content\/uploads\/2025\/04\/logo-mats-medical.svg\",\"caption\":\"Mats Medical\"},\"image\":{\"@id\":\"https:\/\/www.matsmedical.com\/fr\/#\/schema\/logo\/image\/\"}}]}<\/script>\n<!-- \/ Yoast SEO plugin. -->","yoast_head_json":{"title":"Service Technique - Mats Medical","robots":{"index":"index","follow":"follow","max-snippet":"max-snippet:-1","max-image-preview":"max-image-preview:large","max-video-preview":"max-video-preview:-1"},"canonical":"https:\/\/www.matsmedical.com\/fr\/service-technique\/","og_locale":"fr_FR","og_type":"article","og_title":"Service Technique - Mats Medical","og_description":"Mats Srl Service Technique Al meer dan 30 jaar biedt MATS technische dienstverlening op het Europese grondgebied aan voor diverse medische bedrijven en farmaceutische groepen. Onze geografische ligging garandeert een optimale reactietijd op locatie bij de klant. Ceci, en direct ou au profit de soci\u00e9t\u00e9s ne disposant pas de service technique ou de soci\u00e9t\u00e9s souhaitant [&hellip;]","og_url":"https:\/\/www.matsmedical.com\/fr\/service-technique\/","og_site_name":"Mats Medical","article_modified_time":"2026-01-21T12:38:20+00:00","og_image":[{"url":"https:\/\/matsmedical.abako.be\/wp-content\/uploads\/2025\/04\/Shape_Left.svg","type":"","width":"","height":""}],"twitter_card":"summary_large_image","twitter_misc":{"Dur\u00e9e de lecture estim\u00e9e":"1 minute"},"schema":{"@context":"https:\/\/schema.org","@graph":[{"@type":"WebPage","@id":"https:\/\/www.matsmedical.com\/fr\/service-technique\/","url":"https:\/\/www.matsmedical.com\/fr\/service-technique\/","name":"Service Technique - Mats Medical","isPartOf":{"@id":"https:\/\/www.matsmedical.com\/fr\/#website"},"primaryImageOfPage":{"@id":"https:\/\/www.matsmedical.com\/fr\/service-technique\/#primaryimage"},"image":{"@id":"https:\/\/www.matsmedical.com\/fr\/service-technique\/#primaryimage"},"thumbnailUrl":"https:\/\/matsmedical.abako.be\/wp-content\/uploads\/2025\/04\/Shape_Left.svg","datePublished":"2025-04-15T06:44:21+00:00","dateModified":"2026-01-21T12:38:20+00:00","breadcrumb":{"@id":"https:\/\/www.matsmedical.com\/fr\/service-technique\/#breadcrumb"},"inLanguage":"fr-FR","potentialAction":[{"@type":"ReadAction","target":["https:\/\/www.matsmedical.com\/fr\/service-technique\/"]}]},{"@type":"ImageObject","inLanguage":"fr-FR","@id":"https:\/\/www.matsmedical.com\/fr\/service-technique\/#primaryimage","url":"https:\/\/matsmedical.abako.be\/wp-content\/uploads\/2025\/04\/Shape_Left.svg","contentUrl":"https:\/\/matsmedical.abako.be\/wp-content\/uploads\/2025\/04\/Shape_Left.svg"},{"@type":"BreadcrumbList","@id":"https:\/\/www.matsmedical.com\/fr\/service-technique\/#breadcrumb","itemListElement":[{"@type":"ListItem","position":1,"name":"Home","item":"https:\/\/www.matsmedical.com\/fr\/"},{"@type":"ListItem","position":2,"name":"Service Technique"}]},{"@type":"WebSite","@id":"https:\/\/www.matsmedical.com\/fr\/#website","url":"https:\/\/www.matsmedical.com\/fr\/","name":"Mats Medical","description":"","publisher":{"@id":"https:\/\/www.matsmedical.com\/fr\/#organization"},"potentialAction":[{"@type":"SearchAction","target":{"@type":"EntryPoint","urlTemplate":"https:\/\/www.matsmedical.com\/fr\/?s={search_term_string}"},"query-input":{"@type":"PropertyValueSpecification","valueRequired":true,"valueName":"search_term_string"}}],"inLanguage":"fr-FR"},{"@type":"Organization","@id":"https:\/\/www.matsmedical.com\/fr\/#organization","name":"Mats Medical","url":"https:\/\/www.matsmedical.com\/fr\/","logo":{"@type":"ImageObject","inLanguage":"fr-FR","@id":"https:\/\/www.matsmedical.com\/fr\/#\/schema\/logo\/image\/","url":"https:\/\/www.matsmedical.com\/wp-content\/uploads\/2025\/04\/logo-mats-medical.svg","contentUrl":"https:\/\/www.matsmedical.com\/wp-content\/uploads\/2025\/04\/logo-mats-medical.svg","caption":"Mats Medical"},"image":{"@id":"https:\/\/www.matsmedical.com\/fr\/#\/schema\/logo\/image\/"}}]}},"_links":{"self":[{"href":"https:\/\/www.matsmedical.com\/fr\/wp-json\/wp\/v2\/pages\/494","targetHints":{"allow":["GET"]}}],"collection":[{"href":"https:\/\/www.matsmedical.com\/fr\/wp-json\/wp\/v2\/pages"}],"about":[{"href":"https:\/\/www.matsmedical.com\/fr\/wp-json\/wp\/v2\/types\/page"}],"author":[{"embeddable":true,"href":"https:\/\/www.matsmedical.com\/fr\/wp-json\/wp\/v2\/users\/3"}],"replies":[{"embeddable":true,"href":"https:\/\/www.matsmedical.com\/fr\/wp-json\/wp\/v2\/comments?post=494"}],"version-history":[{"count":13,"href":"https:\/\/www.matsmedical.com\/fr\/wp-json\/wp\/v2\/pages\/494\/revisions"}],"predecessor-version":[{"id":662,"href":"https:\/\/www.matsmedical.com\/fr\/wp-json\/wp\/v2\/pages\/494\/revisions\/662"}],"wp:attachment":[{"href":"https:\/\/www.matsmedical.com\/fr\/wp-json\/wp\/v2\/media?parent=494"}],"curies":[{"name":"wp","href":"https:\/\/api.w.org\/{rel}","templated":true}]}}