{"id":504,"date":"2025-04-15T08:43:56","date_gmt":"2025-04-15T06:43:56","guid":{"rendered":"https:\/\/matsmedical.abako.be\/produkte\/"},"modified":"2026-01-20T09:31:35","modified_gmt":"2026-01-20T08:31:35","slug":"produkte","status":"publish","type":"page","link":"https:\/\/www.matsmedical.com\/de\/produkte\/","title":{"rendered":"Produkte"},"content":{"rendered":"\t\t<div data-elementor-type=\"wp-page\" data-elementor-id=\"504\" class=\"elementor elementor-504 elementor-162\" data-elementor-post-type=\"page\">\n\t\t\t\t<div class=\"elementor-element elementor-element-1faacec6 e-flex e-con-boxed e-con e-parent\" data-id=\"1faacec6\" data-element_type=\"container\">\n\t\t\t\t\t<div class=\"e-con-inner\">\n\t\t<div class=\"elementor-element elementor-element-4adc4000 e-con-full e-flex e-con e-child\" data-id=\"4adc4000\" data-element_type=\"container\" data-settings=\"{&quot;background_background&quot;:&quot;classic&quot;}\">\n\t\t<div class=\"elementor-element elementor-element-57d2bfc5 e-con-full e-flex e-con e-child\" data-id=\"57d2bfc5\" data-element_type=\"container\" data-settings=\"{&quot;background_background&quot;:&quot;classic&quot;}\">\n\t\t\t\t<div class=\"elementor-element elementor-element-6c384f03 elementor-widget elementor-widget-heading\" data-id=\"6c384f03\" data-element_type=\"widget\" data-widget_type=\"heading.default\">\n\t\t\t\t<div class=\"elementor-widget-container\">\n\t\t\t\t\t<h2 class=\"elementor-heading-title elementor-size-default\">PRODUKTE<\/h2>\t\t\t\t<\/div>\n\t\t\t\t<\/div>\n\t\t\t\t<div class=\"elementor-element elementor-element-4d71540c elementor-widget elementor-widget-heading\" data-id=\"4d71540c\" data-element_type=\"widget\" data-widget_type=\"heading.default\">\n\t\t\t\t<div class=\"elementor-widget-container\">\n\t\t\t\t\t<h1 class=\"elementor-heading-title elementor-size-default\">MATS GmbH<\/h1>\t\t\t\t<\/div>\n\t\t\t\t<\/div>\n\t\t\t\t<div class=\"elementor-element elementor-element-5f447ef7 elementor-widget-divider--view-line elementor-widget elementor-widget-divider\" data-id=\"5f447ef7\" data-element_type=\"widget\" data-widget_type=\"divider.default\">\n\t\t\t\t<div class=\"elementor-widget-container\">\n\t\t\t\t\t\t\t<div class=\"elementor-divider\">\n\t\t\t<span class=\"elementor-divider-separator\">\n\t\t\t\t\t\t<\/span>\n\t\t<\/div>\n\t\t\t\t\t\t<\/div>\n\t\t\t\t<\/div>\n\t\t\t\t<\/div>\n\t\t<div class=\"elementor-element elementor-element-56a1041d e-con-full e-flex e-con e-child\" data-id=\"56a1041d\" data-element_type=\"container\">\n\t\t\t\t<div class=\"elementor-element elementor-element-d5d7f83 elementor-widget elementor-widget-text-editor\" data-id=\"d5d7f83\" data-element_type=\"widget\" data-widget_type=\"text-editor.default\">\n\t\t\t\t<div class=\"elementor-widget-container\">\n\t\t\t\t\t\t\t\t\t<p>MATS verf\u00fcgt \u00fcber die erforderlichen Genehmigungen zur Entwicklung und Herstellung bestimmter Reagenzien, die in Laboratorien verwendet werden \u2013 f\u00fcr den manuellen Gebrauch oder f\u00fcr den Einsatz in Instrumenten.<\/p>\t\t\t\t\t\t\t\t<\/div>\n\t\t\t\t<\/div>\n\t\t\t\t<div class=\"elementor-element elementor-element-183ffa0b elementor-widget elementor-widget-button\" data-id=\"183ffa0b\" data-element_type=\"widget\" data-widget_type=\"button.default\">\n\t\t\t\t<div class=\"elementor-widget-container\">\n\t\t\t\t\t\t\t\t\t<div class=\"elementor-button-wrapper\">\n\t\t\t\t\t<a class=\"elementor-button elementor-button-link elementor-size-sm\" href=\"https:\/\/www.matsmedical.com\/de\/kontakt\/\">\n\t\t\t\t\t\t<span class=\"elementor-button-content-wrapper\">\n\t\t\t\t\t\t\t\t\t<span class=\"elementor-button-text\">Ich m\u00f6chte Mats GmbH kontaktieren.<\/span>\n\t\t\t\t\t<\/span>\n\t\t\t\t\t<\/a>\n\t\t\t\t<\/div>\n\t\t\t\t\t\t\t\t<\/div>\n\t\t\t\t<\/div>\n\t\t\t\t<\/div>\n\t\t\t\t<\/div>\n\t\t\t\t\t<\/div>\n\t\t\t\t<\/div>\n\t\t<div class=\"elementor-element elementor-element-1223c34f e-flex e-con-boxed e-con e-child\" data-id=\"1223c34f\" data-element_type=\"container\" data-settings=\"{&quot;background_background&quot;:&quot;classic&quot;}\">\n\t\t\t\t\t<div class=\"e-con-inner\">\n\t\t<div class=\"elementor-element elementor-element-4ecd881a e-con-full e-flex e-con e-child\" data-id=\"4ecd881a\" data-element_type=\"container\">\n\t\t\t\t<div class=\"elementor-element elementor-element-5c43a310 elementor-widget elementor-widget-image\" data-id=\"5c43a310\" data-element_type=\"widget\" data-widget_type=\"image.default\">\n\t\t\t\t<div class=\"elementor-widget-container\">\n\t\t\t\t\t\t\t\t\t\t\t\t\t\t\t<img decoding=\"async\" width=\"1\" height=\"1\" src=\"https:\/\/www.matsmedical.com\/wp-content\/uploads\/2025\/04\/Shape_Left.svg\" class=\"attachment-large size-large wp-image-353\" alt=\"\" \/>\t\t\t\t\t\t\t\t\t\t\t\t\t\t\t<\/div>\n\t\t\t\t<\/div>\n\t\t\t\t<\/div>\n\t\t<div class=\"elementor-element elementor-element-8bd666f e-con-full e-flex e-con e-child\" data-id=\"8bd666f\" data-element_type=\"container\">\n\t\t\t\t<div class=\"elementor-element elementor-element-60ccd4ab elementor-widget elementor-widget-image\" data-id=\"60ccd4ab\" data-element_type=\"widget\" data-widget_type=\"image.default\">\n\t\t\t\t<div class=\"elementor-widget-container\">\n\t\t\t\t\t\t\t\t\t\t\t\t\t\t\t<img decoding=\"async\" width=\"1\" height=\"1\" src=\"https:\/\/www.matsmedical.com\/wp-content\/uploads\/2025\/04\/Shape_Right.svg\" class=\"attachment-large size-large wp-image-349\" alt=\"\" \/>\t\t\t\t\t\t\t\t\t\t\t\t\t\t\t<\/div>\n\t\t\t\t<\/div>\n\t\t\t\t<\/div>\n\t\t\t\t\t<\/div>\n\t\t\t\t<\/div>\n\t\t<div class=\"elementor-element elementor-element-c68e0f9 e-flex e-con-boxed e-con e-parent\" data-id=\"c68e0f9\" data-element_type=\"container\">\n\t\t\t\t\t<div class=\"e-con-inner\">\n\t\t<div class=\"elementor-element elementor-element-98f2d4c e-con-full e-flex e-con e-child\" data-id=\"98f2d4c\" data-element_type=\"container\">\n\t\t<div class=\"elementor-element elementor-element-a38427f e-con-full e-flex e-con e-child\" data-id=\"a38427f\" data-element_type=\"container\">\n\t\t\t\t<div class=\"elementor-element elementor-element-404482f elementor-icon-list--layout-traditional elementor-list-item-link-full_width elementor-widget elementor-widget-icon-list\" data-id=\"404482f\" data-element_type=\"widget\" data-widget_type=\"icon-list.default\">\n\t\t\t\t<div class=\"elementor-widget-container\">\n\t\t\t\t\t\t\t<ul class=\"elementor-icon-list-items\">\n\t\t\t\t\t\t\t<li class=\"elementor-icon-list-item\">\n\t\t\t\t\t\t\t\t\t\t\t<span class=\"elementor-icon-list-icon\">\n\t\t\t\t\t\t\t<svg xmlns=\"http:\/\/www.w3.org\/2000\/svg\" width=\"27.038\" height=\"26.668\" viewBox=\"0 0 27.038 26.668\"><g id=\"Group_26\" data-name=\"Group 26\" transform=\"translate(-139.898 -1116.782)\"><g id=\"Ellipse_1\" data-name=\"Ellipse 1\" transform=\"translate(139.898 1131.616)\" fill=\"none\" stroke=\"#2490d2\" stroke-width=\"2\"><ellipse cx=\"6.019\" cy=\"5.917\" rx=\"6.019\" ry=\"5.917\" stroke=\"none\"><\/ellipse><ellipse cx=\"6.019\" cy=\"5.917\" rx=\"5.019\" ry=\"4.917\" fill=\"none\"><\/ellipse><\/g><g id=\"Ellipse_7\" data-name=\"Ellipse 7\" transform=\"translate(139.898 1116.782)\" fill=\"none\" stroke=\"#2490d2\" stroke-width=\"2\"><ellipse cx=\"6.019\" cy=\"5.917\" rx=\"6.019\" ry=\"5.917\" stroke=\"none\"><\/ellipse><ellipse cx=\"6.019\" cy=\"5.917\" rx=\"5.019\" ry=\"4.917\" fill=\"none\"><\/ellipse><\/g><g id=\"Ellipse_5\" data-name=\"Ellipse 5\" transform=\"translate(154.898 1131.616)\" fill=\"none\" stroke=\"#2490d2\" stroke-width=\"2\"><ellipse cx=\"6.019\" cy=\"5.917\" rx=\"6.019\" ry=\"5.917\" stroke=\"none\"><\/ellipse><ellipse cx=\"6.019\" cy=\"5.917\" rx=\"5.019\" ry=\"4.917\" fill=\"none\"><\/ellipse><\/g><g id=\"Ellipse_6\" data-name=\"Ellipse 6\" transform=\"translate(154.898 1116.782)\" fill=\"none\" stroke=\"#2490d2\" stroke-width=\"2\"><ellipse cx=\"6.019\" cy=\"5.917\" rx=\"6.019\" ry=\"5.917\" stroke=\"none\"><\/ellipse><ellipse cx=\"6.019\" cy=\"5.917\" rx=\"5.019\" ry=\"4.917\" fill=\"none\"><\/ellipse><\/g><\/g><\/svg>\t\t\t\t\t\t<\/span>\n\t\t\t\t\t\t\t\t\t\t<span class=\"elementor-icon-list-text\">TECHNISCHER SERVICE<\/span>\n\t\t\t\t\t\t\t\t\t<\/li>\n\t\t\t\t\t\t<\/ul>\n\t\t\t\t\t\t<\/div>\n\t\t\t\t<\/div>\n\t\t\t\t<div class=\"elementor-element elementor-element-f9fbc43 elementor-widget elementor-widget-button\" data-id=\"f9fbc43\" data-element_type=\"widget\" data-widget_type=\"button.default\">\n\t\t\t\t<div class=\"elementor-widget-container\">\n\t\t\t\t\t\t\t\t\t<div class=\"elementor-button-wrapper\">\n\t\t\t\t\t<a class=\"elementor-button elementor-button-link elementor-size-sm\" href=\"https:\/\/www.matsmedical.com\/de\/technischer-service\/\">\n\t\t\t\t\t\t<span class=\"elementor-button-content-wrapper\">\n\t\t\t\t\t\t\t\t\t<span class=\"elementor-button-text\">Sehen Sie unseren Service an<\/span>\n\t\t\t\t\t<\/span>\n\t\t\t\t\t<\/a>\n\t\t\t\t<\/div>\n\t\t\t\t\t\t\t\t<\/div>\n\t\t\t\t<\/div>\n\t\t\t\t<\/div>\n\t\t<div class=\"elementor-element elementor-element-d87f16c e-con-full e-flex e-con e-child\" data-id=\"d87f16c\" data-element_type=\"container\">\n\t\t\t\t<div class=\"elementor-element elementor-element-299bbc1 elementor-icon-list--layout-traditional elementor-list-item-link-full_width elementor-widget elementor-widget-icon-list\" data-id=\"299bbc1\" data-element_type=\"widget\" data-widget_type=\"icon-list.default\">\n\t\t\t\t<div class=\"elementor-widget-container\">\n\t\t\t\t\t\t\t<ul class=\"elementor-icon-list-items\">\n\t\t\t\t\t\t\t<li class=\"elementor-icon-list-item\">\n\t\t\t\t\t\t\t\t\t\t\t<span class=\"elementor-icon-list-icon\">\n\t\t\t\t\t\t\t<svg xmlns=\"http:\/\/www.w3.org\/2000\/svg\" width=\"26.834\" height=\"26.872\" viewBox=\"0 0 26.834 26.872\"><g id=\"Group_31\" data-name=\"Group 31\" transform=\"translate(-140 -1116.68)\"><g id=\"Polygon_1\" data-name=\"Polygon 1\" transform=\"translate(140 1143.552) rotate(-90)\" fill=\"none\"><path d=\"M6.019,0l6.019,11.834H0Z\" stroke=\"none\"><\/path><path d=\"M 6.019050598144531 4.411542415618896 L 3.261109352111816 9.833824157714844 L 8.776991844177246 9.833824157714844 L 6.019050598144531 4.411542415618896 M 6.019050598144531 3.814697265625e-06 L 12.03810024261475 11.83382415771484 L 9.5367431640625e-07 11.83382415771484 L 6.019050598144531 3.814697265625e-06 Z\" stroke=\"none\" fill=\"#2490d2\"><\/path><\/g><g id=\"Polygon_2\" data-name=\"Polygon 2\" transform=\"translate(140 1128.718) rotate(-90)\" fill=\"none\"><path d=\"M6.019,0l6.019,11.834H0Z\" stroke=\"none\"><\/path><path d=\"M 6.019050598144531 4.411542415618896 L 3.261109352111816 9.833824157714844 L 8.776991844177246 9.833824157714844 L 6.019050598144531 4.411542415618896 M 6.019050598144531 3.814697265625e-06 L 12.03810024261475 11.83382415771484 L 9.5367431640625e-07 11.83382415771484 L 6.019050598144531 3.814697265625e-06 Z\" stroke=\"none\" fill=\"#2490d2\"><\/path><\/g><g id=\"Polygon_3\" data-name=\"Polygon 3\" transform=\"translate(155 1143.552) rotate(-90)\" fill=\"none\"><path d=\"M6.019,0l6.019,11.834H0Z\" stroke=\"none\"><\/path><path d=\"M 6.019050598144531 4.411542415618896 L 3.261109352111816 9.833824157714844 L 8.776991844177246 9.833824157714844 L 6.019050598144531 4.411542415618896 M 6.019050598144531 3.814697265625e-06 L 12.03810024261475 11.83382415771484 L 9.5367431640625e-07 11.83382415771484 L 6.019050598144531 3.814697265625e-06 Z\" stroke=\"none\" fill=\"#2490d2\"><\/path><\/g><g id=\"Polygon_4\" data-name=\"Polygon 4\" transform=\"translate(155 1128.718) rotate(-90)\" fill=\"none\"><path d=\"M6.019,0l6.019,11.834H0Z\" stroke=\"none\"><\/path><path d=\"M 6.019050598144531 4.411542415618896 L 3.261109352111816 9.833824157714844 L 8.776991844177246 9.833824157714844 L 6.019050598144531 4.411542415618896 M 6.019050598144531 3.814697265625e-06 L 12.03810024261475 11.83382415771484 L 9.5367431640625e-07 11.83382415771484 L 6.019050598144531 3.814697265625e-06 Z\" stroke=\"none\" fill=\"#2490d2\"><\/path><\/g><\/g><\/svg>\t\t\t\t\t\t<\/span>\n\t\t\t\t\t\t\t\t\t\t<span class=\"elementor-icon-list-text\">KONTACTE<\/span>\n\t\t\t\t\t\t\t\t\t<\/li>\n\t\t\t\t\t\t<\/ul>\n\t\t\t\t\t\t<\/div>\n\t\t\t\t<\/div>\n\t\t\t\t<div class=\"elementor-element elementor-element-2af7ddb elementor-widget elementor-widget-button\" data-id=\"2af7ddb\" data-element_type=\"widget\" data-widget_type=\"button.default\">\n\t\t\t\t<div class=\"elementor-widget-container\">\n\t\t\t\t\t\t\t\t\t<div class=\"elementor-button-wrapper\">\n\t\t\t\t\t<a class=\"elementor-button elementor-button-link elementor-size-sm\" href=\"https:\/\/www.matsmedical.com\/de\/kontakt\/\">\n\t\t\t\t\t\t<span class=\"elementor-button-content-wrapper\">\n\t\t\t\t\t\t\t\t\t<span class=\"elementor-button-text\">Kontakt Mats GmbH<\/span>\n\t\t\t\t\t<\/span>\n\t\t\t\t\t<\/a>\n\t\t\t\t<\/div>\n\t\t\t\t\t\t\t\t<\/div>\n\t\t\t\t<\/div>\n\t\t\t\t<\/div>\n\t\t\t\t<\/div>\n\t\t\t\t\t<\/div>\n\t\t\t\t<\/div>\n\t\t\t\t<\/div>\n\t\t","protected":false},"excerpt":{"rendered":"<p>PRODUKTE MATS GmbH MATS verf\u00fcgt \u00fcber die erforderlichen Genehmigungen zur Entwicklung und Herstellung bestimmter Reagenzien, die in Laboratorien verwendet werden \u2013 f\u00fcr den manuellen Gebrauch oder f\u00fcr den Einsatz in Instrumenten. Ich m\u00f6chte Mats GmbH kontaktieren. TECHNISCHER SERVICE Sehen Sie unseren Service an KONTACTE Kontakt Mats GmbH<\/p>\n","protected":false},"author":3,"featured_media":0,"parent":0,"menu_order":0,"comment_status":"closed","ping_status":"closed","template":"","meta":{"footnotes":""},"class_list":["post-504","page","type-page","status-publish","hentry"],"yoast_head":"<!-- This site is optimized with the Yoast SEO plugin v26.8 - https:\/\/yoast.com\/product\/yoast-seo-wordpress\/ -->\n<title>Produkte - Mats Medical<\/title>\n<meta name=\"robots\" content=\"index, follow, max-snippet:-1, max-image-preview:large, max-video-preview:-1\" \/>\n<link rel=\"canonical\" href=\"https:\/\/www.matsmedical.com\/de\/produkte\/\" \/>\n<meta property=\"og:locale\" content=\"de_DE\" \/>\n<meta property=\"og:type\" content=\"article\" \/>\n<meta property=\"og:title\" content=\"Produkte - Mats Medical\" \/>\n<meta property=\"og:description\" content=\"PRODUKTE MATS GmbH MATS verf\u00fcgt \u00fcber die erforderlichen Genehmigungen zur Entwicklung und Herstellung bestimmter Reagenzien, die in Laboratorien verwendet werden \u2013 f\u00fcr den manuellen Gebrauch oder f\u00fcr den Einsatz in Instrumenten. Ich m\u00f6chte Mats GmbH kontaktieren. TECHNISCHER SERVICE Sehen Sie unseren Service an KONTACTE Kontakt Mats GmbH\" \/>\n<meta property=\"og:url\" content=\"https:\/\/www.matsmedical.com\/de\/produkte\/\" \/>\n<meta property=\"og:site_name\" content=\"Mats Medical\" \/>\n<meta property=\"article:modified_time\" content=\"2026-01-20T08:31:35+00:00\" \/>\n<meta property=\"og:image\" content=\"https:\/\/matsmedical.abako.be\/wp-content\/uploads\/2025\/04\/Shape_Left.svg\" \/>\n<meta name=\"twitter:card\" content=\"summary_large_image\" \/>\n<script type=\"application\/ld+json\" class=\"yoast-schema-graph\">{\"@context\":\"https:\/\/schema.org\",\"@graph\":[{\"@type\":\"WebPage\",\"@id\":\"https:\/\/www.matsmedical.com\/de\/produkte\/\",\"url\":\"https:\/\/www.matsmedical.com\/de\/produkte\/\",\"name\":\"Produkte - Mats Medical\",\"isPartOf\":{\"@id\":\"https:\/\/www.matsmedical.com\/de\/#website\"},\"primaryImageOfPage\":{\"@id\":\"https:\/\/www.matsmedical.com\/de\/produkte\/#primaryimage\"},\"image\":{\"@id\":\"https:\/\/www.matsmedical.com\/de\/produkte\/#primaryimage\"},\"thumbnailUrl\":\"https:\/\/matsmedical.abako.be\/wp-content\/uploads\/2025\/04\/Shape_Left.svg\",\"datePublished\":\"2025-04-15T06:43:56+00:00\",\"dateModified\":\"2026-01-20T08:31:35+00:00\",\"breadcrumb\":{\"@id\":\"https:\/\/www.matsmedical.com\/de\/produkte\/#breadcrumb\"},\"inLanguage\":\"de\",\"potentialAction\":[{\"@type\":\"ReadAction\",\"target\":[\"https:\/\/www.matsmedical.com\/de\/produkte\/\"]}]},{\"@type\":\"ImageObject\",\"inLanguage\":\"de\",\"@id\":\"https:\/\/www.matsmedical.com\/de\/produkte\/#primaryimage\",\"url\":\"https:\/\/matsmedical.abako.be\/wp-content\/uploads\/2025\/04\/Shape_Left.svg\",\"contentUrl\":\"https:\/\/matsmedical.abako.be\/wp-content\/uploads\/2025\/04\/Shape_Left.svg\"},{\"@type\":\"BreadcrumbList\",\"@id\":\"https:\/\/www.matsmedical.com\/de\/produkte\/#breadcrumb\",\"itemListElement\":[{\"@type\":\"ListItem\",\"position\":1,\"name\":\"Home\",\"item\":\"https:\/\/www.matsmedical.com\/de\/\"},{\"@type\":\"ListItem\",\"position\":2,\"name\":\"Produkte\"}]},{\"@type\":\"WebSite\",\"@id\":\"https:\/\/www.matsmedical.com\/de\/#website\",\"url\":\"https:\/\/www.matsmedical.com\/de\/\",\"name\":\"Mats Medical\",\"description\":\"\",\"publisher\":{\"@id\":\"https:\/\/www.matsmedical.com\/de\/#organization\"},\"potentialAction\":[{\"@type\":\"SearchAction\",\"target\":{\"@type\":\"EntryPoint\",\"urlTemplate\":\"https:\/\/www.matsmedical.com\/de\/?s={search_term_string}\"},\"query-input\":{\"@type\":\"PropertyValueSpecification\",\"valueRequired\":true,\"valueName\":\"search_term_string\"}}],\"inLanguage\":\"de\"},{\"@type\":\"Organization\",\"@id\":\"https:\/\/www.matsmedical.com\/de\/#organization\",\"name\":\"Mats Medical\",\"url\":\"https:\/\/www.matsmedical.com\/de\/\",\"logo\":{\"@type\":\"ImageObject\",\"inLanguage\":\"de\",\"@id\":\"https:\/\/www.matsmedical.com\/de\/#\/schema\/logo\/image\/\",\"url\":\"https:\/\/www.matsmedical.com\/wp-content\/uploads\/2025\/04\/logo-mats-medical.svg\",\"contentUrl\":\"https:\/\/www.matsmedical.com\/wp-content\/uploads\/2025\/04\/logo-mats-medical.svg\",\"caption\":\"Mats Medical\"},\"image\":{\"@id\":\"https:\/\/www.matsmedical.com\/de\/#\/schema\/logo\/image\/\"}}]}<\/script>\n<!-- \/ Yoast SEO plugin. -->","yoast_head_json":{"title":"Produkte - Mats Medical","robots":{"index":"index","follow":"follow","max-snippet":"max-snippet:-1","max-image-preview":"max-image-preview:large","max-video-preview":"max-video-preview:-1"},"canonical":"https:\/\/www.matsmedical.com\/de\/produkte\/","og_locale":"de_DE","og_type":"article","og_title":"Produkte - Mats Medical","og_description":"PRODUKTE MATS GmbH MATS verf\u00fcgt \u00fcber die erforderlichen Genehmigungen zur Entwicklung und Herstellung bestimmter Reagenzien, die in Laboratorien verwendet werden \u2013 f\u00fcr den manuellen Gebrauch oder f\u00fcr den Einsatz in Instrumenten. Ich m\u00f6chte Mats GmbH kontaktieren. TECHNISCHER SERVICE Sehen Sie unseren Service an KONTACTE Kontakt Mats GmbH","og_url":"https:\/\/www.matsmedical.com\/de\/produkte\/","og_site_name":"Mats Medical","article_modified_time":"2026-01-20T08:31:35+00:00","og_image":[{"url":"https:\/\/matsmedical.abako.be\/wp-content\/uploads\/2025\/04\/Shape_Left.svg","type":"","width":"","height":""}],"twitter_card":"summary_large_image","schema":{"@context":"https:\/\/schema.org","@graph":[{"@type":"WebPage","@id":"https:\/\/www.matsmedical.com\/de\/produkte\/","url":"https:\/\/www.matsmedical.com\/de\/produkte\/","name":"Produkte - Mats Medical","isPartOf":{"@id":"https:\/\/www.matsmedical.com\/de\/#website"},"primaryImageOfPage":{"@id":"https:\/\/www.matsmedical.com\/de\/produkte\/#primaryimage"},"image":{"@id":"https:\/\/www.matsmedical.com\/de\/produkte\/#primaryimage"},"thumbnailUrl":"https:\/\/matsmedical.abako.be\/wp-content\/uploads\/2025\/04\/Shape_Left.svg","datePublished":"2025-04-15T06:43:56+00:00","dateModified":"2026-01-20T08:31:35+00:00","breadcrumb":{"@id":"https:\/\/www.matsmedical.com\/de\/produkte\/#breadcrumb"},"inLanguage":"de","potentialAction":[{"@type":"ReadAction","target":["https:\/\/www.matsmedical.com\/de\/produkte\/"]}]},{"@type":"ImageObject","inLanguage":"de","@id":"https:\/\/www.matsmedical.com\/de\/produkte\/#primaryimage","url":"https:\/\/matsmedical.abako.be\/wp-content\/uploads\/2025\/04\/Shape_Left.svg","contentUrl":"https:\/\/matsmedical.abako.be\/wp-content\/uploads\/2025\/04\/Shape_Left.svg"},{"@type":"BreadcrumbList","@id":"https:\/\/www.matsmedical.com\/de\/produkte\/#breadcrumb","itemListElement":[{"@type":"ListItem","position":1,"name":"Home","item":"https:\/\/www.matsmedical.com\/de\/"},{"@type":"ListItem","position":2,"name":"Produkte"}]},{"@type":"WebSite","@id":"https:\/\/www.matsmedical.com\/de\/#website","url":"https:\/\/www.matsmedical.com\/de\/","name":"Mats Medical","description":"","publisher":{"@id":"https:\/\/www.matsmedical.com\/de\/#organization"},"potentialAction":[{"@type":"SearchAction","target":{"@type":"EntryPoint","urlTemplate":"https:\/\/www.matsmedical.com\/de\/?s={search_term_string}"},"query-input":{"@type":"PropertyValueSpecification","valueRequired":true,"valueName":"search_term_string"}}],"inLanguage":"de"},{"@type":"Organization","@id":"https:\/\/www.matsmedical.com\/de\/#organization","name":"Mats Medical","url":"https:\/\/www.matsmedical.com\/de\/","logo":{"@type":"ImageObject","inLanguage":"de","@id":"https:\/\/www.matsmedical.com\/de\/#\/schema\/logo\/image\/","url":"https:\/\/www.matsmedical.com\/wp-content\/uploads\/2025\/04\/logo-mats-medical.svg","contentUrl":"https:\/\/www.matsmedical.com\/wp-content\/uploads\/2025\/04\/logo-mats-medical.svg","caption":"Mats Medical"},"image":{"@id":"https:\/\/www.matsmedical.com\/de\/#\/schema\/logo\/image\/"}}]}},"_links":{"self":[{"href":"https:\/\/www.matsmedical.com\/de\/wp-json\/wp\/v2\/pages\/504","targetHints":{"allow":["GET"]}}],"collection":[{"href":"https:\/\/www.matsmedical.com\/de\/wp-json\/wp\/v2\/pages"}],"about":[{"href":"https:\/\/www.matsmedical.com\/de\/wp-json\/wp\/v2\/types\/page"}],"author":[{"embeddable":true,"href":"https:\/\/www.matsmedical.com\/de\/wp-json\/wp\/v2\/users\/3"}],"replies":[{"embeddable":true,"href":"https:\/\/www.matsmedical.com\/de\/wp-json\/wp\/v2\/comments?post=504"}],"version-history":[{"count":7,"href":"https:\/\/www.matsmedical.com\/de\/wp-json\/wp\/v2\/pages\/504\/revisions"}],"predecessor-version":[{"id":638,"href":"https:\/\/www.matsmedical.com\/de\/wp-json\/wp\/v2\/pages\/504\/revisions\/638"}],"wp:attachment":[{"href":"https:\/\/www.matsmedical.com\/de\/wp-json\/wp\/v2\/media?parent=504"}],"curies":[{"name":"wp","href":"https:\/\/api.w.org\/{rel}","templated":true}]}}